{"id":774,"date":"2021-11-08T15:21:36","date_gmt":"2021-11-08T15:21:36","guid":{"rendered":"https:\/\/randobasque.com\/?page_id=774"},"modified":"2021-11-08T15:25:13","modified_gmt":"2021-11-08T15:25:13","slug":"pyrenees-ouest-les-plus-belles-randonnees","status":"publish","type":"page","link":"https:\/\/randobasque.com\/?page_id=774","title":{"rendered":"Pyr\u00e9n\u00e9es Ouest : les plus belles randonn\u00e9es"},"content":{"rendered":"\t\t<div data-elementor-type=\"wp-page\" data-elementor-id=\"774\" class=\"elementor elementor-774\" data-elementor-settings=\"[]\">\n\t\t\t\t\t\t\t<div class=\"elementor-section-wrap\">\n\t\t\t\t\t\t\t<section class=\"elementor-section elementor-top-section elementor-element elementor-element-1d59d6e elementor-section-boxed elementor-section-height-default elementor-section-height-default\" data-id=\"1d59d6e\" data-element_type=\"section\">\n\t\t\t\t\t\t<div class=\"elementor-container elementor-column-gap-default\">\n\t\t\t\t\t<div class=\"elementor-column elementor-col-100 elementor-top-column elementor-element elementor-element-4997853\" data-id=\"4997853\" data-element_type=\"column\">\n\t\t\t<div class=\"elementor-widget-wrap elementor-element-populated\">\n\t\t\t\t\t\t\t\t<div class=\"elementor-element elementor-element-732eed0 elementor-widget elementor-widget-heading\" data-id=\"732eed0\" data-element_type=\"widget\" data-widget_type=\"heading.default\">\n\t\t\t\t<div class=\"elementor-widget-container\">\n\t\t\t<h2 class=\"elementor-heading-title elementor-size-default\">Pyr\u00e9n\u00e9es Ouest : les plus belles randonn\u00e9es\n<\/h2>\t\t<\/div>\n\t\t\t\t<\/div>\n\t\t\t\t<div class=\"elementor-element elementor-element-403e2ac elementor-widget elementor-widget-text-editor\" data-id=\"403e2ac\" data-element_type=\"widget\" data-widget_type=\"text-editor.default\">\n\t\t\t\t<div class=\"elementor-widget-container\">\n\t\t\t\t\t\t\t<p class=\"p1\">Du Pays basque au massif du N\u00e9ouvielle, en passant par les vall\u00e9es d&rsquo;Aspe et d&rsquo;Ossau, l&rsquo;ouest des Pyr\u00e9n\u00e9es offre une grande vari\u00e9t\u00e9 de randonn\u00e9es.<\/p>\t\t\t\t\t\t<\/div>\n\t\t\t\t<\/div>\n\t\t\t\t<div class=\"elementor-element elementor-element-bc3d7dd elementor-widget elementor-widget-image\" data-id=\"bc3d7dd\" data-element_type=\"widget\" data-widget_type=\"image.default\">\n\t\t\t\t<div class=\"elementor-widget-container\">\n\t\t\t\t\t\t\t\t\t\t\t\t\t\t\t<img loading=\"lazy\" decoding=\"async\" width=\"812\" height=\"457\" src=\"https:\/\/randobasque.com\/wp-content\/uploads\/2021\/11\/Plan-de-travail-4.png\" class=\"attachment-large size-large\" alt=\"\" srcset=\"https:\/\/randobasque.com\/wp-content\/uploads\/2021\/11\/Plan-de-travail-4.png 960w, https:\/\/randobasque.com\/wp-content\/uploads\/2021\/11\/Plan-de-travail-4-300x169.png 300w, https:\/\/randobasque.com\/wp-content\/uploads\/2021\/11\/Plan-de-travail-4-768x432.png 768w\" sizes=\"auto, (max-width: 812px) 100vw, 812px\" \/>\t\t\t\t\t\t\t\t\t\t\t\t\t\t\t<\/div>\n\t\t\t\t<\/div>\n\t\t\t\t<div class=\"elementor-element elementor-element-6156420 elementor-widget elementor-widget-text-editor\" data-id=\"6156420\" data-element_type=\"widget\" data-widget_type=\"text-editor.default\">\n\t\t\t\t<div class=\"elementor-widget-container\">\n\t\t\t\t\t\t\t<p>Du\u00a0<span class=\"highlightSearchResult\">Pays<\/span>\u00a0<span class=\"highlightSearchResult\">basque<\/span>\u00a0au massif du N\u00e9ouvielle, en passant par les vall\u00e9es d&rsquo;Aspe et d&rsquo;Ossau, le Val d&rsquo;Azun, les alentours de Cauterets et de Gavarnie ainsi que le Haut-Aragon, l&rsquo;ouest des Pyr\u00e9n\u00e9es offre une grande vari\u00e9t\u00e9 de randonn\u00e9es.<br \/><br \/>Le temps d&rsquo;un week-end ou de plusieurs jours, le guide propose 77 randonn\u00e9es de quatre niveaux diff\u00e9rents, du promeneur au randonneur exp\u00e9riment\u00e9.<br \/>De quoi gravir des sommets embl\u00e9matiques (le pic d&rsquo;Iparla, l&rsquo;Ossau, le Moun N\u00e9, le Vignemale, l&rsquo;Aneto, l&rsquo;Arbizon, etc.), de parcourir les cirques de Gavarnie, d&rsquo;Estaub\u00e9 ou de Barrosa, mais aussi d&rsquo;admirer les innombrables lacs qui jalonnent la cha\u00eene pyr\u00e9n\u00e9enne.<br \/><br \/>Ce superbe jardin d&rsquo;altitude satisfait les envies de tous les randonneurs \u00e9pris de nature sauvage.<\/p>\t\t\t\t\t\t<\/div>\n\t\t\t\t<\/div>\n\t\t\t\t\t<\/div>\n\t\t<\/div>\n\t\t\t\t\t\t\t<\/div>\n\t\t<\/section>\n\t\t\t\t<section class=\"elementor-section elementor-top-section elementor-element elementor-element-2df29ab elementor-section-boxed elementor-section-height-default elementor-section-height-default\" data-id=\"2df29ab\" data-element_type=\"section\">\n\t\t\t\t\t\t<div class=\"elementor-container elementor-column-gap-default\">\n\t\t\t\t\t<div class=\"elementor-column elementor-col-100 elementor-top-column elementor-element elementor-element-25d09ef\" data-id=\"25d09ef\" data-element_type=\"column\">\n\t\t\t<div class=\"elementor-widget-wrap elementor-element-populated\">\n\t\t\t\t\t\t\t\t<div class=\"elementor-element elementor-element-6e4248c elementor-widget elementor-widget-button\" data-id=\"6e4248c\" data-element_type=\"widget\" data-widget_type=\"button.default\">\n\t\t\t\t<div class=\"elementor-widget-container\">\n\t\t\t\t\t<div class=\"elementor-button-wrapper\">\n\t\t\t<a href=\"https:\/\/randobasque.com\/?page_id=552\" class=\"elementor-button-link elementor-button elementor-size-sm\" role=\"button\">\n\t\t\t\t\t\t<span class=\"elementor-button-content-wrapper\">\n\t\t\t\t\t\t<span class=\"elementor-button-text\">Retour aux articles<\/span>\n\t\t<\/span>\n\t\t\t\t\t<\/a>\n\t\t<\/div>\n\t\t\t\t<\/div>\n\t\t\t\t<\/div>\n\t\t\t\t\t<\/div>\n\t\t<\/div>\n\t\t\t\t\t\t\t<\/div>\n\t\t<\/section>\n\t\t\t\t\t\t<\/div>\n\t\t\t\t\t<\/div>\n\t\t","protected":false},"excerpt":{"rendered":"<p>Pyr\u00e9n\u00e9es Ouest : les plus belles randonn\u00e9es Du Pays basque au massif du N\u00e9ouvielle, en passant par les vall\u00e9es d&rsquo;Aspe et d&rsquo;Ossau, l&rsquo;ouest des Pyr\u00e9n\u00e9es offre une grande vari\u00e9t\u00e9 de randonn\u00e9es. Du\u00a0Pays\u00a0basque\u00a0au massif du N\u00e9ouvielle, en passant par les vall\u00e9es d&rsquo;Aspe et d&rsquo;Ossau, le Val d&rsquo;Azun, les alentours de Cauterets et de Gavarnie ainsi que [&hellip;]<\/p>\n","protected":false},"author":2,"featured_media":0,"parent":0,"menu_order":0,"comment_status":"closed","ping_status":"closed","template":"","meta":{"footnotes":""},"class_list":["post-774","page","type-page","status-publish","hentry"],"_links":{"self":[{"href":"https:\/\/randobasque.com\/index.php?rest_route=\/wp\/v2\/pages\/774","targetHints":{"allow":["GET"]}}],"collection":[{"href":"https:\/\/randobasque.com\/index.php?rest_route=\/wp\/v2\/pages"}],"about":[{"href":"https:\/\/randobasque.com\/index.php?rest_route=\/wp\/v2\/types\/page"}],"author":[{"embeddable":true,"href":"https:\/\/randobasque.com\/index.php?rest_route=\/wp\/v2\/users\/2"}],"replies":[{"embeddable":true,"href":"https:\/\/randobasque.com\/index.php?rest_route=%2Fwp%2Fv2%2Fcomments&post=774"}],"version-history":[{"count":10,"href":"https:\/\/randobasque.com\/index.php?rest_route=\/wp\/v2\/pages\/774\/revisions"}],"predecessor-version":[{"id":787,"href":"https:\/\/randobasque.com\/index.php?rest_route=\/wp\/v2\/pages\/774\/revisions\/787"}],"wp:attachment":[{"href":"https:\/\/randobasque.com\/index.php?rest_route=%2Fwp%2Fv2%2Fmedia&parent=774"}],"curies":[{"name":"wp","href":"https:\/\/api.w.org\/{rel}","templated":true}]}}